{"id":267,"date":"2023-04-14T15:36:09","date_gmt":"2023-04-14T13:36:09","guid":{"rendered":"https:\/\/www.hanko.lu\/gabbana\/?page_id=267"},"modified":"2025-01-03T10:26:46","modified_gmt":"2025-01-03T09:26:46","slug":"rechtliche-hinweise","status":"publish","type":"page","link":"https:\/\/www.gabbanaelcom.hanko.lu\/fr\/rechtliche-hinweise\/","title":{"rendered":"Rechtliche Hinweise"},"content":{"rendered":"<p><strong>Annahme der Benutzungsbedingungen dieser Website.<br \/><\/strong>Sie haben die Webseite der Gesellschaft&nbsp;GABBANAelcom&nbsp;S.A. aufgerufen.<\/p>\n\n\n\n<h4 class=\"wp-block-heading\">Vorstellung<\/h4>\n\n\n\n<p><strong>Gesellschaftssitz:<br \/><\/strong>Z.A.C. 12, rue Nicolas Glesener<br \/>L-6131 Junglinster<\/p>\n\n\n\n<p><strong>Kontakt<\/strong><\/p>\n\n\n\n<p><strong>GABBANAelcom<\/strong><br \/>Tel.:&nbsp;<a href=\"tel:+352788241\">(+352) 788 241<\/a><br \/>E-mail:&nbsp;<a href=\"mailto:info@gabbana.lu\">info@gabbana.lu<\/a><\/p>\n\n\n\n<p><strong>Technischer Ansprechpartner<\/strong><br \/>Marc Wilmes Design S.\u00e0 r.l.<br \/>E-mail:&nbsp;<a href=\"mailto:info@marcwilmesdesign.lu\">info@marcwilmesdesign.lu<\/a><\/p>\n\n\n\n<p><em>Diese Webseite unterliegt der luxemburgischen Gesetzgebung.<\/em><br \/><em>GABBANAelcom&nbsp;verpflichtet sich zur Einhaltung aller luxemburgischen Gesetze und Vorschriften bez\u00fcglich des Betriebs einer Webseite.<\/em><br \/><em>Es wird daran erinnert, dass das Briefgeheimnis im Internet nicht gew\u00e4hrleistet werden kann und dass es jedem Benutzer des Internet obliegt, alle geeigneten Ma\u00dfnahmen zu treffen, um seine eigenen Daten und\/oder Programme vor dem Befall mit m\u00f6glicherweise im Internet bef\u00f6rderten Viren zu sch\u00fctzen.<\/em><\/p>\n\n\n\n<h4 class=\"wp-block-heading\">Namentliche Daten<\/h4>\n\n\n\n<p>Der Zugriff auf bestimmte Seiten der Webseite erfordert die vorherige Mitteilung von namentlichen Daten, welche die Benutzer betreffen. GABBANAelcom speichert lediglich die im Rahmen der Ausf\u00fchrung ihrer Dienste n\u00fctzlichen Daten auf elektronischen Datentr\u00e4gern oder auf andere Weise.<br \/>Die pers\u00f6nlichen Daten, welche die Benutzer GABBANAelcom mitteilen, werden vertraulich behandelt.<br \/>GABBANAelcom verpflichtet sich, alles zu unternehmen, damit die vom Benutzer der Webseite gelieferten Daten auf sichere Weise \u00fcbertragen werden, wobei der Benutzer daran erinnert wird, dass das Briefgeheimnis im Internet nicht gew\u00e4hrleistet werden kann.<br \/>Der Benutzer akzeptiert, dass eine jegliche Benutzung der Webseite auf seine eigene Verantwortung erfolgt.<br \/>Sie verf\u00fcgen entsprechend der Gesetzgebung bez\u00fcglich des Schutzes von pers\u00f6nlichen Daten \u00fcber das Recht auf den Zugriff und die Berechtigung der Daten, welche Sie betreffen. Sie k\u00f6nnen diese Rechte aus\u00fcben, indem Sie bei Verwendung der oben erw\u00e4hnten Anschrift einen diesbez\u00fcglichen schriftlichen Antrag stellen, in dessen Anlage sich eine Kopie Ihres Personalausweises befindet.<br \/>Die Benutzer der Webseite werden darauf hingewiesen, dass bei dem Zugriff auf diese Webseite Informationen zeitweilig im Arbeitsspeicher oder auf ihrer EDV-Ausstattung abgelegt werden, die insbesondere zur Erleichterung der Navigation auf der Webseite dienen (\u2018cookies\u2019). Die Benutzer der Webseite best\u00e4tigen, dass sie \u00fcber diese Vorgehensweise informiert worden sind und erm\u00e4chtigen GABBANAelcom zu ihrer Anwendung.<br \/>Die Benutzer akzeptieren bei Mitteilung ihrer Telefonnummer(n) oder E-Mail-Adresse auf der Webseite GABBANAelcom, dass GABBANAelcom ihnen entweder per Telefon oder E-Mail Informationen \u00fcbermittelt.<br \/>Die Benutzer, die beantragt haben, Informationen per SMS oder durch andere kostenpflichtige Kommunikationsmittel zu erhalten, erkl\u00e4ren, dass sie die m\u00f6glicherweise daraus f\u00fcr sie entstehenden Kosten \u00fcbernehmen.<\/p>\n\n\n\n<h4 class=\"wp-block-heading\">Urheberrecht<\/h4>\n\n\n\n<p>Die Gesamtheit der Marken, Logos oder Elemente, die sich auf den Seiten dieser Webseite befinden, sind das ausschlie\u00dfliche Eigentum der GABBANAelcom. Jede vollst\u00e4ndige oder teilweise Vervielf\u00e4ltigung, Darstellung oder Verbreitung des Inhaltes dieser Webseite auf jeglichen Tr\u00e4gern und mit jeglichen Verfahren, stellt eine Nachahmung dar und ist ohne ausdr\u00fcckliche Erlaubnis der GABBANAelcom verboten.<br \/>Die Schaffung von Hypertextlinks zu der vorliegenden Webseite unterliegt der vorherigen Genehmigung seitens der GABBANAelcom.<\/p>\n\n\n\n<h4 class=\"wp-block-heading\">Externe Links<\/h4>\n\n\n\n<p>Diese Website kann Links zu Websites enthalten, die nicht von GABBANAelcom betrieben werden. Diese externen Links werden Ihnen nur zu Informationszwecken vorgeschlagen. Wenn Sie diese Websites besuchen, empfehlen wir Ihnen, deren Bestimmungen zum Schutz der Privatsph\u00e4re sorgf\u00e4ltig zu lesen. GABBANAelcom kann weder f\u00fcr die Politik zur Wahrung der Vertraulichkeit, die Praktiken der Administratoren dieser Websites noch f\u00fcr deren Inhalt verantwortlich gemacht werden.<\/p>\n\n\n\n<h4 class=\"wp-block-heading\">Informationen \u00fcber Cookies<\/h4>\n\n\n\n<p><strong>Was sind Cookies?<\/strong><br \/>Cookies sind kleine Textdateien, mit denen das Surfverhalten des Benutzers einer Internetseite erfasst werden kann. Cookies sollen in erster Linie die Funktionsweise von Webseiten optimieren, das Navigationserlebnis verbessern und den Eigent\u00fcmern der Webseite Informationen liefern.<\/p>\n\n\n\n<p><strong>Welche Art von Cookies verwenden wir?<\/strong><br \/><em>Cookies des Servers der aufgerufenen Seite<\/em><br \/>Diese Cookies k\u00f6nnen nur von der Webseite gelesen werden, die Sie auch abgespeichert hat.<br \/>Diese Cookies dienen der \u00dcberpr\u00fcfung der technischen Parameter Ihres Browsers und dem Speichern der von Ihnen bei Ihrem letzten Besuch auf der Webseite festgelegten Pr\u00e4ferenzen. Durch sie soll ein optimales Nutzererlebnis garantiert werden.<br \/>Unter anderem wird ihr Einverst\u00e4ndnis mit der Verwendung von Cookies auf dieser Webseite erfasst, damit Ihnen diese Frage nicht bei jedem erneuten Besuch der Webseite gestellt werden muss.<\/p>\n\n\n\n<p><em>Cookies von Dritten<\/em><br \/>Diese Cookies werden von Dritten abgespeichert, zum Beispiel Google Analytics f\u00fcr die Webstatistiken, YouTube f\u00fcr die Videos, Facebook f\u00fcr eine optimierte Nutzerausrichtung unserer Aktivit\u00e4ten auf dem Netzwerk, sowie von anderen Sozialen Netzwerken wenn das Social Sharing aktiviert ist, \u2026<\/p>\n\n\n\n<p><em>Google Analytics<\/em><br \/>Diese Webseite benutzt Google Analytics, einen Webanalysedienst der Google LLC. (\u201cGoogle\u201d). Google Analytics verwendet Cookies und \u00fcbertr\u00e4gt die daraus erfassten Daten an einen Server von Google in den USA, wo sie gespeichert werden. Google wird diese Informationen benutzen, um Ihr Surfverhalten auszuwerten, um Reports \u00fcber die Webseitenaktivit\u00e4ten f\u00fcr die Webseitenbetreiber zusammenzustellen und um weitere mit der Webseitenutzung und der Internetnutzung verbundene Dienstleistungen zu erbringen. Auch wird Google diese Informationen gegebenenfalls an Dritte \u00fcbertragen, sofern dies gesetzlich vorgeschrieben ist oder soweit Dritte, insbesondere der Betreib- er dieser Webseite, diese Daten im Auftrag von Google verarbeiten. Google weist darauf hin, dass Google Ihre IP-Adresse in keinem Fall mit anderen Daten, \u00fcber die Google verf\u00fcgt, in Verbindung bringt.<br \/>Sie k\u00f6nnen die Installation der Cookies durch eine entsprechende Einstellung Ihrer Browser-Soft- ware verhindern; wir weisen Sie jedoch darauf hin, dass Sie in diesem Fall gegebenenfalls nicht s\u00e4mtliche Funktionen dieser Webseite vollumf\u00e4nglich nutzen k\u00f6nnen.<br \/>Durch die Nutzung dieser Webseite erkl\u00e4ren Sie sich mit der Bearbeitung der \u00fcber Sie erhobenen<br \/>Daten durch Google in der zuvor beschriebenen Art und Weise und zu dem zuvor benannten Zweck einverstanden.<\/p>\n\n\n\n<p><em>Verwendung von Google Maps<\/em><br \/>Diese Webseite verwendet die Google Maps API, um geographische Informationen visuell darzustellen. Bei der Nutzung von Google Maps werden von Google (Google LLC., 1600 Amphitheatre Parkway, Mountain View, California, 94043) auch Daten \u00fcber die Nutzung der Maps-Funktionen durch Besucher der Webseiten erhoben, verarbeitet und genutzt. N\u00e4here Informationen \u00fcber die Datenverarbeitung durch Google k\u00f6nnen Sie den Datenschutzhinweisen von Google entnehmen, die Sie unter&nbsp;<a href=\"https:\/\/policies.google.com\/privacy\">https:\/\/policies.google.com\/privacy<\/a>&nbsp;abrufen k\u00f6nnen. Durch die Nutzung der Google Maps API werden Informationen \u00fcber die Nutzung der Webseite der einschlie\u00dflich Ihrer anoymisierten und gek\u00fcrzten IP-Adresse an einen Server von Google in den USA \u00fcbertragen und dort gespeichert. Wir weisen an dieser Stelle explizit auf die unterschiedlichen Datenschutzniveaus in Europa und den USA hin. W\u00fcnschen Sie die Nutzung der Google Maps API nicht, so deaktivieren Sie dazu JavaScript in Ihrem Browser. Mit der Nutzung der Dienste stimmen Sie der Daten\u00fcbermittlung zu Google zu.<\/p>\n\n\n\n<p><strong>Verwaltungs- und Widerspruchsmodalit\u00e4ten gegen Cookies<\/strong><br \/>In Bezug auf die Funktionalit\u00e4ts-Cookies k\u00f6nnen die Internetnutzer jederzeit die Parameter ihres Internetbrowsers \u00e4ndern, um die Installation dieser Cookies zu verwalten und sogar zu deaktivieren, sowie um sie zu unterdr\u00fccken oder zu blocken:<\/p>\n\n\n\n<p><em>Internet Explorer&nbsp;<\/em><a href=\"https:\/\/support.microsoft.com\/de-lu\/help\/17442\/windows-internet-explorer-delete-manage-cookies\">https:\/\/support.microsoft.com\/de-lu\/help\/17442\/windows-internet-explorer-delete-manage-cookies<\/a><\/p>\n\n\n\n<p><em>Microsoft Edge&nbsp;<\/em><a href=\"https:\/\/support.microsoft.com\/de-lu\/help\/4027947\/microsoft-edge-delete-cookies\">https:\/\/support.microsoft.com\/de-lu\/help\/4027947\/microsoft-edge-delete-cookies<\/a><\/p>\n\n\n\n<p><em>Safari&nbsp;<\/em><a href=\"https:\/\/support.apple.com\/de-de\/HT201265\">https:\/\/support.apple.com\/de-de\/HT201265<\/a><\/p>\n\n\n\n<p><em>Firefox&nbsp;<\/em><a href=\"https:\/\/support.mozilla.org\/de\/kb\/Cookies-blockieren\">https:\/\/support.mozilla.org\/de\/kb\/Cookies-blockieren<\/a><\/p>\n\n\n\n<p><em>Chrome&nbsp;<\/em><a href=\"https:\/\/support.google.com\/accounts\/answer\/61416?hl=de\">https:\/\/support.google.com\/accounts\/answer\/61416?hl=de<\/a><\/p>\n\n\n\n<p><em>Opera&nbsp;<\/em><a href=\"https:\/\/blogs.opera.com\/germany\/2016\/03\/cookies-aktivieren-opera\/\">https:\/\/blogs.opera.com\/germany\/2016\/03\/cookies-aktivieren-opera\/<\/a><\/p>\n\n\n\n<p><strong>Erteilung oder Ablehnung von Einwilligungen<\/strong><br \/>Beim ersten Besuch unserer Webseite werden Nutzer durch einen Informationshinweis \u00fcber die Verwendung von Cookies informiert. Fahren Nutzer mit ihrer Navigation auf der Webseite fort, nachdem sie diesen Hinweis zur Kenntnis genommen haben, setzen wir entsprechend den gesetzlichen Bestimmungen ihr Einverst\u00e4ndnis mit der Hinterlegung und Verwendung von Cookies voraus. Diese Entscheidung kann jederzeit r\u00fcckg\u00e4ngig gemacht werden, indem der Hinterlegung von Cookies durch die entsprechende Parametrierung des Internet-Browsers widersprochen wird.<\/p>\n\n\n\n<h4 class=\"wp-block-heading\">Haftung<\/h4>\n\n\n\n<p>Der Benutzer akzeptiert, dass jeder Zugang zur Website oder jede Benutzung unter seiner eigenen Verantwortung erfolgt. GABBANAelcom haftet nicht f\u00fcr direkte oder indirekte Sch\u00e4den, die durch die Benutzung der Website und insbesondere in Verbindung mit Unterbrechung, Stillstand oder Funktionsst\u00f6rung der Website verursacht werden k\u00f6nnen. Diese k\u00f6nnen besonders durch Stillstand wegen Wartung oder Instandsetzung des EDV-Systems entstehen, durch technische Pannen oder \u00dcberlastung des Netzes, Unterbrechung der Telefonleitungen, Fehler, Fahrl\u00e4ssigkeit oder Fehler von Internet-Dienstleistern oder eines Dritten sowie durch einen Virus aus dem Internet.<\/p>","protected":false},"excerpt":{"rendered":"<p>Annahme der Benutzungsbedingungen dieser Website.Sie haben die Webseite der Gesellschaft&nbsp;GABBANAelcom&nbsp;S.A. aufgerufen. Vorstellung Gesellschaftssitz:Z.A.C. 12, rue Nicolas GlesenerL-6131 Junglinster Kontakt GABBANAelcomTel.:&nbsp;(+352) 788 241E-mail:&nbsp;info@gabbana.lu Technischer AnsprechpartnerMarc Wilmes Design S.\u00e0 r.l.E-mail:&nbsp;info@marcwilmesdesign.lu Diese Webseite unterliegt der luxemburgischen Gesetzgebung.GABBANAelcom&nbsp;verpflichtet sich zur Einhaltung aller luxemburgischen Gesetze und Vorschriften bez\u00fcglich des Betriebs einer Webseite.Es wird daran erinnert, dass das Briefgeheimnis im Internet [&hellip;]<\/p>\n","protected":false},"author":1,"featured_media":527,"parent":0,"menu_order":0,"comment_status":"closed","ping_status":"closed","template":"","meta":{"footnotes":""},"class_list":["post-267","page","type-page","status-publish","has-post-thumbnail","hentry"],"_links":{"self":[{"href":"https:\/\/www.gabbanaelcom.hanko.lu\/fr\/wp-json\/wp\/v2\/pages\/267","targetHints":{"allow":["GET"]}}],"collection":[{"href":"https:\/\/www.gabbanaelcom.hanko.lu\/fr\/wp-json\/wp\/v2\/pages"}],"about":[{"href":"https:\/\/www.gabbanaelcom.hanko.lu\/fr\/wp-json\/wp\/v2\/types\/page"}],"author":[{"embeddable":true,"href":"https:\/\/www.gabbanaelcom.hanko.lu\/fr\/wp-json\/wp\/v2\/users\/1"}],"replies":[{"embeddable":true,"href":"https:\/\/www.gabbanaelcom.hanko.lu\/fr\/wp-json\/wp\/v2\/comments?post=267"}],"version-history":[{"count":1,"href":"https:\/\/www.gabbanaelcom.hanko.lu\/fr\/wp-json\/wp\/v2\/pages\/267\/revisions"}],"predecessor-version":[{"id":683,"href":"https:\/\/www.gabbanaelcom.hanko.lu\/fr\/wp-json\/wp\/v2\/pages\/267\/revisions\/683"}],"wp:featuredmedia":[{"embeddable":true,"href":"https:\/\/www.gabbanaelcom.hanko.lu\/fr\/wp-json\/wp\/v2\/media\/527"}],"wp:attachment":[{"href":"https:\/\/www.gabbanaelcom.hanko.lu\/fr\/wp-json\/wp\/v2\/media?parent=267"}],"curies":[{"name":"wp","href":"https:\/\/api.w.org\/{rel}","templated":true}]}}